{"id":102,"date":"2015-04-05T21:53:46","date_gmt":"2015-04-05T19:53:46","guid":{"rendered":"http:\/\/mlcat.com\/infos\/?page_id=102"},"modified":"2024-05-30T15:51:08","modified_gmt":"2024-05-30T13:51:08","slug":"mentions","status":"publish","type":"page","link":"https:\/\/mlcat.com\/infos\/mentions\/","title":{"rendered":"Mentions"},"content":{"rendered":"<p>[et_pb_section fb_built=\u00a0\u00bb1&Prime; admin_label=\u00a0\u00bbsection\u00a0\u00bb _builder_version=\u00a0\u00bb4.16&Prime; custom_padding=\u00a0\u00bb15px|||||\u00a0\u00bb global_colors_info=\u00a0\u00bb{}\u00a0\u00bb][et_pb_row admin_label=\u00a0\u00bbrow\u00a0\u00bb _builder_version=\u00a0\u00bb4.16&Prime; background_size=\u00a0\u00bbinitial\u00a0\u00bb background_position=\u00a0\u00bbtop_left\u00a0\u00bb background_repeat=\u00a0\u00bbrepeat\u00a0\u00bb global_colors_info=\u00a0\u00bb{}\u00a0\u00bb][et_pb_column type=\u00a0\u00bb4_4&Prime; _builder_version=\u00a0\u00bb4.16&Prime; custom_padding=\u00a0\u00bb|||\u00a0\u00bb global_colors_info=\u00a0\u00bb{}\u00a0\u00bb custom_padding__hover=\u00a0\u00bb|||\u00a0\u00bb][et_pb_text admin_label=\u00a0\u00bbText\u00a0\u00bb _builder_version=\u00a0\u00bb4.16&Prime; background_size=\u00a0\u00bbinitial\u00a0\u00bb background_position=\u00a0\u00bbtop_left\u00a0\u00bb background_repeat=\u00a0\u00bbrepeat\u00a0\u00bb global_colors_info=\u00a0\u00bb{}\u00a0\u00bb]<\/p>\n<p><span style=\"font-family: 'andale mono', monospace; font-size: 12pt;\"><b>Cr\u00e9dits et mentions l\u00e9gales :<\/b><\/span> <span style=\"color: #ffffff;\">&#8211;<\/span><\/p>\n<h3><strong><span style=\"color: #71586b;\">#<span style=\"text-decoration: underline;\">Publication<\/span><span style=\"color: #ffffff; font-size: 8pt;\"> mentions<\/span><\/span><\/strong><\/h3>\n<p><a href=\"mailto:infos@mlcat.com\">Marie-Laure Cathelin EI<br \/><\/a>255 B route de l&rsquo;Ancien Couvent 73330 Domessin<br \/>06.22.29.78.63<br \/><a href=\"mailto:infos@mlcat.com\">infos@mlcat.com<\/a><br \/>Siret : 504 078 692 000 44<\/p>\n<p>&nbsp;<\/p>\n<h3><strong><span style=\"color: #71586b;\">#<span style=\"text-decoration: underline;\">H\u00e9bergement<\/span><\/span><\/strong><\/h3>\n<p><span>OVH<\/span><br \/><span>2 rue Kellermann \u2013 59100 Roubaix \u2013 France<\/span><br \/><span>SAS au capital de 10 069 020 \u20ac<\/span><br \/><span>RCS Lille M\u00e9tropole 424 761 419 00045<\/span><br \/><span>Code APE 2620Z \/\u00a0N\u00b0 TVA : FR 22 424 761 419<\/span><br \/><a href=\"https:\/\/www.ovh.com\/\" target=\"_blank\" rel=\"noopener noreferrer\">www.ovh.com<\/a><\/p>\n<p>&nbsp;<\/p>\n<h3><strong><span style=\"color: #71586b;\">#<span style=\"text-decoration: underline;\">Images libres de droit<\/span><\/span><\/strong><\/h3>\n<p>*<a href=\"https:\/\/pixabay.com\/fr\/\" target=\"_blank\" rel=\"noopener noreferrer\">Pixabay<\/a>\u00a0 \u00a0*<a href=\"http:\/\/fr.freepik.com\/photos-libre\/ecrit-a-la-main-a-cote-de-quelques-boules-de-papier_969369.htm\" target=\"_blank\" rel=\"noopener noreferrer\">Freepik<\/a><\/p>\n<p>&nbsp;<\/p>\n<p>Tous droits r\u00e9serv\u00e9s ::: <a href=\"http:\/\/www.mlcat.com\">www.mlcat.com<\/a><\/p>\n<p>Aucune utilisation commerciale ne sera faite de vos donn\u00e9es, je ne collecte vos coordonn\u00e9es que lorsque vous remplissez le formulaire en page contact, et uniquement afin de r\u00e9pondre \u00e0 vos questions. Je peux supprimer \u00e0 tout moment votre adresse mail de mes contacts sur simple demande de votre part par mail \u00e0 <a href=\"mailto:contact@mlcat.com\">contact@mlcat.com<\/a>.<\/p>\n<p>&nbsp;<\/p>\n<p>[\/et_pb_text][\/et_pb_column][\/et_pb_row][\/et_pb_section]<\/p>\n","protected":false},"excerpt":{"rendered":"<p>Cr\u00e9dits et mentions l\u00e9gales : &#8211; #Publication mentions Marie-Laure Cathelin EI255 B route de l&rsquo;Ancien Couvent 73330 Domessin06.22.29.78.63infos@mlcat.comSiret : 504 078 692 000 44 &nbsp; #H\u00e9bergement OVH2 rue Kellermann \u2013 59100 Roubaix \u2013 FranceSAS au capital de 10 069 020 \u20acRCS Lille M\u00e9tropole 424 761 419 00045Code APE 2620Z \/\u00a0N\u00b0 TVA : FR 22 424 [&hellip;]<\/p>\n","protected":false},"author":2,"featured_media":0,"parent":0,"menu_order":0,"comment_status":"closed","ping_status":"open","template":"","meta":{"_et_pb_use_builder":"on","_et_pb_old_content":"<p><span style=\"font-family: 'andale mono', monospace; font-size: 12pt;\"><b>Cr\u00e9dits et mentions l\u00e9gales :<\/b><\/span> <span style=\"color: #ffffff;\">-<\/span><\/p>\r\n<h3><strong><span style=\"color: #71586b;\">#<span style=\"text-decoration: underline;\">Publication<\/span><span style=\"color: #ffffff; font-size: 8pt;\"> mentions<\/span><\/span><\/strong><\/h3>\r\n<p><a href=\"mailto:infos@mlcat.com\">Marie-Laure Cathelin<br \/>\r\n <\/a>255 B route de l'Ancien Couvent 73330 Domessin<br \/>\r\n <a href=\"mailto:infos@mlcat.com\">infos@mlcat.com<\/a><br \/>\r\n Siret : 504 078 692 000 36<\/p>\r\n<p>&nbsp;<\/p>\r\n<h3><strong><span style=\"color: #71586b;\">#<span style=\"text-decoration: underline;\">H\u00e9bergement<\/span><\/span><\/strong><\/h3>\r\n<p><a href=\"http:\/\/www.ovh.com\/\" target=\"_blank\" rel=\"noopener noreferrer\">OVH<\/a><\/p>\r\n<p>&nbsp;<\/p>\r\n<h3><strong><span style=\"color: #71586b;\">#<span style=\"text-decoration: underline;\">Images libres de droit<\/span><\/span><\/strong><\/h3>\r\n<p>*<a href=\"https:\/\/pixabay.com\/fr\/\" target=\"_blank\" rel=\"noopener noreferrer\">Pixabay<\/a><\/p>\r\n<p>*<a href=\"http:\/\/fr.freepik.com\/photos-libre\/ecrit-a-la-main-a-cote-de-quelques-boules-de-papier_969369.htm\" target=\"_blank\" rel=\"noopener noreferrer\">Freepik<\/a><\/p>\r\n<p>&nbsp;<\/p>\r\n<p>Tous droits r\u00e9serv\u00e9s \u00a92017 ::: www.mlcat.com<br \/>\r\n <\/p>\r\n<p><span style=\"color: #ffffff; font-size: 8pt;\">Marie-Laure Cathelin - R\u00e9alisation web, internet, vid\u00e9o, multim\u00e9dia. Cr\u00e9ation de sites, infographie, infographiste, plaquettes, flyers, affiches, cartes, supports de communication visuelle, montage vid\u00e9o, authoring DVD, int\u00e9gration html, \u00e9dition, auteur, sc\u00e9nariste, r\u00e9alisatrice. Court m\u00e9trage, captation vid\u00e9o, communication \u00e9crite, communiqu\u00e9s, dossiers de presse, pr\u00e9sentations, cr\u00e9ation de logo, charte graphique, refonte de site, webdesign, webdesigner, webmaster, Domessin, Pont de Beauvoisin, Avant-pays savoyard, 73330, Savoie, Is\u00e8re, Auvergne Rh\u00f4ne-Alpes<\/span><\/p>","_et_gb_content_width":"","footnotes":""},"class_list":["post-102","page","type-page","status-publish","hentry"],"_links":{"self":[{"href":"https:\/\/mlcat.com\/infos\/wp-json\/wp\/v2\/pages\/102","targetHints":{"allow":["GET"]}}],"collection":[{"href":"https:\/\/mlcat.com\/infos\/wp-json\/wp\/v2\/pages"}],"about":[{"href":"https:\/\/mlcat.com\/infos\/wp-json\/wp\/v2\/types\/page"}],"author":[{"embeddable":true,"href":"https:\/\/mlcat.com\/infos\/wp-json\/wp\/v2\/users\/2"}],"replies":[{"embeddable":true,"href":"https:\/\/mlcat.com\/infos\/wp-json\/wp\/v2\/comments?post=102"}],"version-history":[{"count":21,"href":"https:\/\/mlcat.com\/infos\/wp-json\/wp\/v2\/pages\/102\/revisions"}],"predecessor-version":[{"id":2052,"href":"https:\/\/mlcat.com\/infos\/wp-json\/wp\/v2\/pages\/102\/revisions\/2052"}],"wp:attachment":[{"href":"https:\/\/mlcat.com\/infos\/wp-json\/wp\/v2\/media?parent=102"}],"curies":[{"name":"wp","href":"https:\/\/api.w.org\/{rel}","templated":true}]}}