{"id":1171,"date":"2018-01-03T14:57:30","date_gmt":"2018-01-03T13:57:30","guid":{"rendered":"http:\/\/mlcat.com\/infos\/politique-de-cookie\/"},"modified":"2018-01-03T15:11:50","modified_gmt":"2018-01-03T14:11:50","slug":"politique-de-cookies","status":"publish","type":"page","link":"https:\/\/mlcat.com\/infos\/politique-de-cookies\/","title":{"rendered":"Politique de cookies"},"content":{"rendered":"<p style=\"text-align: justify;\">Comme la majorit\u00e9 des sites Internet, ce site utilise des cookies (de petits fichiers textes qui sont plac\u00e9s sur votre ordinateur pour aider le site \u00e0 fournir une meilleure exp\u00e9rience utilisateur. Ces cookies ne sont utilis\u00e9s qu&rsquo;\u00e0 des fins statistiques et pour rendre votre exp\u00e9rience de navigation meilleure,).<\/p>\n<p style=\"text-align: justify;\">Si vous pr\u00e9f\u00e9rez d\u00e9sactiver les cookies sur ce site et sur d&rsquo;autres, effectuez ce r\u00e9glage dans votre navigateur web (si vous \u00eates perdu(es), la section Aide de ce dernier devrait pouvoir vous aider).<\/p>\n<p style=\"text-align: justify;\">Pour plus d&rsquo;informations, vous pouvez \u00e9galement consulter le site de la <a href=\"https:\/\/www.cnil.fr\/fr\/cookies-les-outils-pour-les-maitriser\" target=\"_blank\" rel=\"noopener\">CNIL<\/a>.<\/p>\n<p style=\"text-align: justify;\">Bonne visite !<\/p>\n<p>&nbsp;<\/p>\n","protected":false},"excerpt":{"rendered":"<p>Comme la majorit\u00e9 des sites Internet, ce site utilise des cookies (de petits fichiers textes qui sont plac\u00e9s sur votre ordinateur pour aider le site \u00e0 fournir une meilleure exp\u00e9rience utilisateur. Ces cookies ne sont utilis\u00e9s qu&rsquo;\u00e0 des fins statistiques et pour rendre votre exp\u00e9rience de navigation meilleure,). Si vous pr\u00e9f\u00e9rez d\u00e9sactiver les cookies sur [&hellip;]<\/p>\n","protected":false},"author":2,"featured_media":0,"parent":0,"menu_order":0,"comment_status":"closed","ping_status":"closed","template":"","meta":{"_et_pb_use_builder":"","_et_pb_old_content":"","_et_gb_content_width":"","footnotes":""},"class_list":["post-1171","page","type-page","status-publish","hentry"],"_links":{"self":[{"href":"https:\/\/mlcat.com\/infos\/wp-json\/wp\/v2\/pages\/1171","targetHints":{"allow":["GET"]}}],"collection":[{"href":"https:\/\/mlcat.com\/infos\/wp-json\/wp\/v2\/pages"}],"about":[{"href":"https:\/\/mlcat.com\/infos\/wp-json\/wp\/v2\/types\/page"}],"author":[{"embeddable":true,"href":"https:\/\/mlcat.com\/infos\/wp-json\/wp\/v2\/users\/2"}],"replies":[{"embeddable":true,"href":"https:\/\/mlcat.com\/infos\/wp-json\/wp\/v2\/comments?post=1171"}],"version-history":[{"count":2,"href":"https:\/\/mlcat.com\/infos\/wp-json\/wp\/v2\/pages\/1171\/revisions"}],"predecessor-version":[{"id":1173,"href":"https:\/\/mlcat.com\/infos\/wp-json\/wp\/v2\/pages\/1171\/revisions\/1173"}],"wp:attachment":[{"href":"https:\/\/mlcat.com\/infos\/wp-json\/wp\/v2\/media?parent=1171"}],"curies":[{"name":"wp","href":"https:\/\/api.w.org\/{rel}","templated":true}]}}