{"id":2059,"date":"2024-12-20T15:54:13","date_gmt":"2024-12-20T14:54:13","guid":{"rendered":"https:\/\/mlcat.com\/infos\/?page_id=2059"},"modified":"2024-12-20T15:57:18","modified_gmt":"2024-12-20T14:57:18","slug":"accueil-2","status":"publish","type":"page","link":"https:\/\/mlcat.com\/infos\/","title":{"rendered":"Accueil"},"content":{"rendered":"<p>[et_pb_section fb_built=\u00a0\u00bb1&Prime; fullwidth=\u00a0\u00bbon\u00a0\u00bb disabled_on=\u00a0\u00bbon|on|off\u00a0\u00bb _builder_version=\u00a0\u00bb4.24.3&Prime; _module_preset=\u00a0\u00bbdefault\u00a0\u00bb global_colors_info=\u00a0\u00bb{}\u00a0\u00bb][et_pb_fullwidth_image src=\u00a0\u00bbhttps:\/\/mlcat.com\/infos\/wp-content\/uploads\/2024\/05\/bandeau-accueil.jpg\u00a0\u00bb alt=\u00a0\u00bbMarie-Laure Cathelin E.I &#8211; Cr\u00e9ation &#038; refonte de sites internet WordPress, infographiste, communication \u00e9crite, visuelle et digitale, vid\u00e9o, biographe, auteur | Domessin, Pont-de-Beauvoisin, Chamb\u00e9ry, Aix-les-Bains\u00a0\u00bb title_text=\u00a0\u00bbMarie-Laure Cathelin E.I &#8211; Cr\u00e9ation &#038; refonte de sites internet WordPress, infographiste, communication \u00e9crite, visuelle et digitale, vid\u00e9o, biographe, auteur | Domessin, Pont-de-Beauvoisin, Chamb\u00e9ry, Aix-les-Bains\u00a0\u00bb _builder_version=\u00a0\u00bb4.24.3&Prime; _module_preset=\u00a0\u00bbdefault\u00a0\u00bb animation_style=\u00a0\u00bbfade\u00a0\u00bb animation_duration=\u00a0\u00bb1400ms\u00a0\u00bb global_colors_info=\u00a0\u00bb{}\u00a0\u00bb][\/et_pb_fullwidth_image][\/et_pb_section][et_pb_section fb_built=\u00a0\u00bb1&Prime; fullwidth=\u00a0\u00bbon\u00a0\u00bb disabled_on=\u00a0\u00bboff|off|on\u00a0\u00bb _builder_version=\u00a0\u00bb4.24.3&Prime; _module_preset=\u00a0\u00bbdefault\u00a0\u00bb global_colors_info=\u00a0\u00bb{}\u00a0\u00bb][et_pb_fullwidth_image src=\u00a0\u00bbhttps:\/\/mlcat.com\/infos\/wp-content\/uploads\/2024\/05\/entete-smartphone.jpg\u00a0\u00bb alt=\u00a0\u00bbMarie-Laure Cathelin E.I &#8211; Cr\u00e9ation &#038; refonte de sites internet WordPress, infographiste, communication \u00e9crite, visuelle et digitale, vid\u00e9o, biographe, auteur | Domessin, Pont-de-Beauvoisin, Chamb\u00e9ry, Aix-les-Bains\u00a0\u00bb title_text=\u00a0\u00bbMarie-Laure Cathelin E.I &#8211; Cr\u00e9ation &#038; refonte de sites internet WordPress, infographiste, communication \u00e9crite, visuelle et digitale, vid\u00e9o, biographe, auteur | Domessin, Pont-de-Beauvoisin, Chamb\u00e9ry, Aix-les-Bains\u00a0\u00bb _builder_version=\u00a0\u00bb4.24.3&Prime; _module_preset=\u00a0\u00bbdefault\u00a0\u00bb animation_style=\u00a0\u00bbfade\u00a0\u00bb animation_duration=\u00a0\u00bb1400ms\u00a0\u00bb global_colors_info=\u00a0\u00bb{}\u00a0\u00bb][\/et_pb_fullwidth_image][\/et_pb_section][et_pb_section fb_built=\u00a0\u00bb1&Prime; admin_label=\u00a0\u00bbsection\u00a0\u00bb _builder_version=\u00a0\u00bb4.16&Prime; custom_padding=\u00a0\u00bb38px|0px|0px|0px||\u00a0\u00bb global_colors_info=\u00a0\u00bb{}\u00a0\u00bb][et_pb_row admin_label=\u00a0\u00bbrow\u00a0\u00bb _builder_version=\u00a0\u00bb4.16&Prime; background_size=\u00a0\u00bbinitial\u00a0\u00bb background_position=\u00a0\u00bbtop_left\u00a0\u00bb background_repeat=\u00a0\u00bbrepeat\u00a0\u00bb custom_padding=\u00a0\u00bb17px|0px|51px|0px||\u00a0\u00bb global_colors_info=\u00a0\u00bb{}\u00a0\u00bb][et_pb_column type=\u00a0\u00bb4_4&Prime; _builder_version=\u00a0\u00bb4.16&Prime; custom_padding=\u00a0\u00bb|||\u00a0\u00bb global_colors_info=\u00a0\u00bb{}\u00a0\u00bb custom_padding__hover=\u00a0\u00bb|||\u00a0\u00bb][et_pb_text _builder_version=\u00a0\u00bb4.27.4&Prime; text_font=\u00a0\u00bb||||||||\u00a0\u00bb text_line_height=\u00a0\u00bb2em\u00a0\u00bb header_font=\u00a0\u00bb||||||||\u00a0\u00bb header_line_height=\u00a0\u00bb1.8em\u00a0\u00bb background_size=\u00a0\u00bbinitial\u00a0\u00bb background_position=\u00a0\u00bbtop_left\u00a0\u00bb background_repeat=\u00a0\u00bbrepeat\u00a0\u00bb text_font_size_tablet=\u00a0\u00bb\u00a0\u00bb text_font_size_phone=\u00a0\u00bb13px\u00a0\u00bb text_font_size_last_edited=\u00a0\u00bbon|phone\u00a0\u00bb text_line_height_tablet=\u00a0\u00bb\u00a0\u00bb text_line_height_phone=\u00a0\u00bb2em\u00a0\u00bb text_line_height_last_edited=\u00a0\u00bbon|phone\u00a0\u00bb inline_fonts=\u00a0\u00bbPoiret One\u00a0\u00bb global_colors_info=\u00a0\u00bb{}\u00a0\u00bb text_font_size__hover_enabled=\u00a0\u00bbon\u00a0\u00bb]<\/p>\n<p class=\"texte\" style=\"text-align: center;\"><span style=\"color: #493434; font-size: medium;\">L&rsquo;aventure s&rsquo;arr\u00eate pour l&rsquo;instant&#8230;<\/span><\/p>\n<p class=\"texte\" style=\"text-align: center;\"><span style=\"font-size: medium; color: #493434;\"><\/span><\/p>\n<h3 style=\"text-align: center;\"><span style=\"color: #f05248; font-family: 'Poiret One';\"><strong>MERCI D&rsquo;AVOIR RACONT\u00c9 VOTRE HISTOIRE<\/strong><\/span><\/h3>\n<p><span style=\"color: #d7af2e; font-size: x-large;\"><b><\/b><\/span><\/p>\n<p>[\/et_pb_text][\/et_pb_column][\/et_pb_row][\/et_pb_section]<\/p>\n","protected":false},"excerpt":{"rendered":"<p>L&rsquo;aventure s&rsquo;arr\u00eate pour l&rsquo;instant&#8230; MERCI D&rsquo;AVOIR RACONT\u00c9 VOTRE HISTOIRE<\/p>\n","protected":false},"author":2,"featured_media":474,"parent":0,"menu_order":0,"comment_status":"closed","ping_status":"closed","template":"","meta":{"_et_pb_use_builder":"on","_et_pb_old_content":"<p class=\"texte\"><span style=\"color: #25221e;\">De la cr\u00e9ation d'un\u00a0<strong>site internet<\/strong>\u00a0\u00e0 l'\u00e9criture d'un\u00a0<strong>sc\u00e9nario<\/strong>, d'une\u00a0<strong>nouvelle<\/strong> ou d'un\u00a0<strong>conte<\/strong>, et de la conception d'un support de <strong>communication \u00e9crit<\/strong> ou <strong>visuel<\/strong>\u00a0\u00e0 la r\u00e9alisation d'un <strong>film<\/strong> ou d'une <strong>vid\u00e9o<\/strong>, un \u00e9l\u00e9ment commun se retrouve\u00a0: <span style=\"font-size: 8pt; color: #ffffff;\">accueil<\/span><\/span><\/p>\r\n<p class=\"texte\">\u00a0<\/p>\r\n<h4 class=\"texte\" style=\"text-align: center;\"><span style=\"color: #d7af2e;\"><b>L'ENVIE DE RACONTER UNE HISTOIRE<\/b><\/span><\/h4>\r\n<p>\u00a0<\/p>\r\n<p style=\"text-align: center;\"><span style=\"color: #25221e;\"><strong><span class=\"texte2\"><span class=\"texte2\"><span class=\"texte2\">Vous souhaitez raconter la v\u00f4tre\u00a0? Vous \u00eates au con endroit\u00a0!<\/span><\/span><\/span><\/strong><\/span><a href=\"http:\/\/mlcat.com\/infos\/wp-content\/uploads\/2017\/03\/Logo2017_RVB_800.jpg\"><br \/>\r\n <\/a><span style=\"font-size: 8pt; color: #ffffff;\">Marie-Laure Cathelin - R\u00e9alisation web, internet, vid\u00e9o, multim\u00e9dia. Cr\u00e9ation de sites, infographie, infographiste, plaquettes, flyers, affiches, cartes, supports de communication visuelle. Montage vid\u00e9o, authoring DVD, int\u00e9gration html, \u00e9dition, auteur, sc\u00e9nariste, r\u00e9alisatrice. \u00a0<\/span><span style=\"color: #ffffff; font-size: 8pt;\">Court m\u00e9trage, captation vid\u00e9o, communication \u00e9crite, communiqu\u00e9s, dossiers de presse, pr\u00e9sentations, cr\u00e9ation de logo, charte graphique, refonte de site, webdesign, webdesigner, webmaster. Domessin, Pont de Beauvoisin, Avant-pays savoyard, 73330, Savoie, Is\u00e8re, Auvergne Rh\u00f4ne-Alpes<\/span><\/p>\r\n<p style=\"text-align: center;\"><a href=\"http:\/\/mlcat.com\/infos\/wp-content\/uploads\/2017\/03\/Logo2017_RVB_800.jpg\"><img class=\"aligncenter wp-image-662\" src=\"http:\/\/mlcat.com\/infos\/wp-content\/uploads\/2017\/03\/Logo2017_RVB_800.jpg\" alt=\"logo\" width=\"500\" height=\"179\" \/><\/a><\/p>","_et_gb_content_width":"","footnotes":""},"class_list":["post-2059","page","type-page","status-publish","has-post-thumbnail","hentry"],"_links":{"self":[{"href":"https:\/\/mlcat.com\/infos\/wp-json\/wp\/v2\/pages\/2059","targetHints":{"allow":["GET"]}}],"collection":[{"href":"https:\/\/mlcat.com\/infos\/wp-json\/wp\/v2\/pages"}],"about":[{"href":"https:\/\/mlcat.com\/infos\/wp-json\/wp\/v2\/types\/page"}],"author":[{"embeddable":true,"href":"https:\/\/mlcat.com\/infos\/wp-json\/wp\/v2\/users\/2"}],"replies":[{"embeddable":true,"href":"https:\/\/mlcat.com\/infos\/wp-json\/wp\/v2\/comments?post=2059"}],"version-history":[{"count":2,"href":"https:\/\/mlcat.com\/infos\/wp-json\/wp\/v2\/pages\/2059\/revisions"}],"predecessor-version":[{"id":2066,"href":"https:\/\/mlcat.com\/infos\/wp-json\/wp\/v2\/pages\/2059\/revisions\/2066"}],"wp:featuredmedia":[{"embeddable":true,"href":"https:\/\/mlcat.com\/infos\/wp-json\/wp\/v2\/media\/474"}],"wp:attachment":[{"href":"https:\/\/mlcat.com\/infos\/wp-json\/wp\/v2\/media?parent=2059"}],"curies":[{"name":"wp","href":"https:\/\/api.w.org\/{rel}","templated":true}]}}